{"id":27,"date":"2024-06-09T19:21:04","date_gmt":"2024-06-09T16:21:04","guid":{"rendered":"https:\/\/yeditepelerpsikoteknik.com\/?page_id=27"},"modified":"2025-02-04T00:47:52","modified_gmt":"2025-02-03T21:47:52","slug":"cezalar","status":"publish","type":"page","link":"https:\/\/yeditepelerpsikoteknik.com\/index.php\/cezalar\/","title":{"rendered":"CEZALAR"},"content":{"rendered":"\t\t<div data-elementor-type=\"wp-page\" data-elementor-id=\"27\" class=\"elementor elementor-27\" data-elementor-post-type=\"page\">\n\t\t\t\t\t\t<section class=\"elementor-section elementor-top-section elementor-element elementor-element-1a03a1d elementor-section-boxed elementor-section-height-default elementor-section-height-default\" data-id=\"1a03a1d\" data-element_type=\"section\">\n\t\t\t\t\t\t<div class=\"elementor-container elementor-column-gap-default\">\n\t\t\t\t\t<div class=\"elementor-column elementor-col-100 elementor-top-column elementor-element elementor-element-62d7573\" data-id=\"62d7573\" data-element_type=\"column\">\n\t\t\t<div class=\"elementor-widget-wrap elementor-element-populated\">\n\t\t\t\t\t\t<div class=\"elementor-element elementor-element-b8158ae elementor-widget__width-initial elementor-widget-mobile__width-initial elementor-widget elementor-widget-elementskit-heading\" data-id=\"b8158ae\" data-element_type=\"widget\" data-widget_type=\"elementskit-heading.default\">\n\t\t\t\t<div class=\"elementor-widget-container\">\n\t\t\t\t\t<div class=\"ekit-wid-con\" ><div class=\"ekit-heading elementskit-section-title-wraper text_center   ekit_heading_tablet-   ekit_heading_mobile-text_center\"><h2 class=\"ekit-heading--title elementskit-section-title \">Belge Eksikli\u011finde Verilen Cezalar<\/h2><div class=\"ekit_heading_separetor_wraper ekit_heading_elementskit-border-divider ekit-dotted\"><div class=\"elementskit-border-divider ekit-dotted\"><\/div><\/div><\/div><\/div>\t\t\t\t<\/div>\n\t\t\t\t<\/div>\n\t\t\t\t\t<\/div>\n\t\t<\/div>\n\t\t\t\t\t<\/div>\n\t\t<\/section>\n\t\t\t\t<section class=\"elementor-section elementor-top-section elementor-element elementor-element-8fc1e89 elementor-section-boxed elementor-section-height-default elementor-section-height-default\" data-id=\"8fc1e89\" data-element_type=\"section\">\n\t\t\t\t\t\t<div class=\"elementor-container elementor-column-gap-default\">\n\t\t\t\t\t<div class=\"elementor-column elementor-col-100 elementor-top-column elementor-element elementor-element-e8d5b00\" data-id=\"e8d5b00\" data-element_type=\"column\">\n\t\t\t<div class=\"elementor-widget-wrap elementor-element-populated\">\n\t\t\t\t\t\t<div class=\"elementor-element elementor-element-51d22ce elementor-widget elementor-widget-text-editor\" data-id=\"51d22ce\" data-element_type=\"widget\" data-widget_type=\"text-editor.default\">\n\t\t\t\t<div class=\"elementor-widget-container\">\n\t\t\t\t\t\t\t\t\t<p>T\u00fcrkiye&#8217;de psikoteknik belgesi olmayan s\u00fcr\u00fcc\u00fclere y\u00f6nelik cezalar, trafik g\u00fcvenli\u011fi ve s\u00fcr\u00fcc\u00fc sa\u011fl\u0131\u011f\u0131 a\u00e7\u0131s\u0131ndan \u00f6nem ta\u015f\u0131r. Psikoteknik belgesi, s\u00fcr\u00fcc\u00fcn\u00fcn fiziksel ve psikolojik olarak trafikte g\u00fcvenli bir \u015fekilde ara\u00e7 kullanabilece\u011fini g\u00f6steren belgedir. Psikoteknik belgesi olmayan s\u00fcr\u00fcc\u00fclere uygulanan cezalar \u015funlard\u0131r:<\/p><p><strong>1. Ceza Puan\u0131 Uygulamas\u0131:<\/strong> Psikoteknik belgesi olmayan s\u00fcr\u00fcc\u00fclere trafik ceza puan\u0131 uygulan\u0131r. Ceza puan\u0131, s\u00fcr\u00fcc\u00fcn\u00fcn belirli trafik kurallar\u0131n\u0131 ihlal etmesi durumunda verilen ve s\u00fcr\u00fcc\u00fc belgesi \u00fczerinde biriken bir t\u00fcr cezad\u0131r.<\/p><p><strong>2. Para Cezas\u0131:<\/strong> Psikoteknik belgesi olmayan s\u00fcr\u00fcc\u00fclere <strong>8.125\u20ba<\/strong> para cezas\u0131 uygulan\u0131r. Para cezas\u0131n\u0131n miktar\u0131, yetkililer taraf\u0131ndan belirlenen standartlara g\u00f6re de\u011fi\u015fiklik g\u00f6sterebilir.<\/p><p><strong>3. S\u00fcr\u00fcc\u00fc Belgesi \u0130ptali:<\/strong> Psikoteknik belgesi gereklili\u011fi olan durumlarda belgeyi ibraz etmeyen veya ge\u00e7erli olmayan belge sunan s\u00fcr\u00fcc\u00fclerin s\u00fcr\u00fcc\u00fc belgeleri ge\u00e7ici veya s\u00fcresiz olarak iptal edilebilir.<\/p><p><strong>4. Ara\u00e7 Trafi\u011fe \u00c7\u0131kma Yasa\u011f\u0131:<\/strong> Psikoteknik belgesi olmayan s\u00fcr\u00fcc\u00fclere, ara\u00e7lar\u0131n\u0131 belirli bir s\u00fcre i\u00e7in trafi\u011fe \u00e7\u0131kma yasa\u011f\u0131 getirilebilir. Bu s\u00fcre yetkililerin takdirine ba\u011fl\u0131 olarak de\u011fi\u015febilir.<\/p><p><strong>5. E\u011fitim Alma Zorunlulu\u011fu:<\/strong> Baz\u0131 durumlarda, psikoteknik belgesi olmayan s\u00fcr\u00fcc\u00fclere trafik g\u00fcvenli\u011fi e\u011fitimleri alma zorunlulu\u011fu getirilebilir. Bu e\u011fitimlerin tamamlanmas\u0131 belgenin yeniden d\u00fczenlenmesi i\u00e7in gereklidir.<\/p><p>Bu cezalar\u0131n kesin uygulanma \u015fekli ve miktarlar\u0131, duruma ve yetkili trafik birimlerinin karar\u0131na ba\u011fl\u0131 olarak de\u011fi\u015febilir. Dolay\u0131s\u0131yla, s\u00fcr\u00fcc\u00fclerin trafik kurallar\u0131na uyum sa\u011flamas\u0131 ve gerekli belgeleri zaman\u0131nda temin etmeleri \u00f6nemlidir.<\/p>\t\t\t\t\t\t\t\t<\/div>\n\t\t\t\t<\/div>\n\t\t\t\t\t<\/div>\n\t\t<\/div>\n\t\t\t\t\t<\/div>\n\t\t<\/section>\n\t\t\t\t<section class=\"elementor-section elementor-top-section elementor-element elementor-element-e75da60 elementor-section-boxed elementor-section-height-default elementor-section-height-default\" data-id=\"e75da60\" data-element_type=\"section\">\n\t\t\t\t\t\t<div class=\"elementor-container elementor-column-gap-default\">\n\t\t\t\t\t<div class=\"elementor-column elementor-col-100 elementor-top-column elementor-element elementor-element-cb00a57\" data-id=\"cb00a57\" data-element_type=\"column\">\n\t\t\t<div class=\"elementor-widget-wrap elementor-element-populated\">\n\t\t\t\t\t\t<div class=\"elementor-element elementor-element-46287da elementor-widget elementor-widget-heading\" data-id=\"46287da\" data-element_type=\"widget\" data-widget_type=\"heading.default\">\n\t\t\t\t<div class=\"elementor-widget-container\">\n\t\t\t\t\t<h2 class=\"elementor-heading-title elementor-size-default\"><h2 style=\"font-size: 26px;margin: 0px 0px 20px;text-align: center\">Belge Eksikli\u011fi Durumunda Verilen Cezalar 2025<span style=\"color: var( --e-global-color-primary );font-family: var( --e-global-typography-primary-font-family ), Sans-serif;font-size: 2rem;font-weight: var( --e-global-typography-primary-font-weight )\"><\/span><\/h2><\/h2>\t\t\t\t<\/div>\n\t\t\t\t<\/div>\n\t\t\t\t\t<\/div>\n\t\t<\/div>\n\t\t\t\t\t<\/div>\n\t\t<\/section>\n\t\t\t\t<section class=\"elementor-section elementor-top-section elementor-element elementor-element-5aeef7b elementor-section-boxed elementor-section-height-default elementor-section-height-default\" data-id=\"5aeef7b\" data-element_type=\"section\">\n\t\t\t\t\t\t<div class=\"elementor-container elementor-column-gap-wide\">\n\t\t\t\t\t<div class=\"elementor-column elementor-col-25 elementor-top-column elementor-element elementor-element-1063b71\" data-id=\"1063b71\" data-element_type=\"column\" data-settings=\"{&quot;background_background&quot;:&quot;classic&quot;}\">\n\t\t\t<div class=\"elementor-widget-wrap elementor-element-populated\">\n\t\t\t\t\t\t<div class=\"elementor-element elementor-element-80f9cb9 elementor-widget elementor-widget-sina_counter\" data-id=\"80f9cb9\" data-element_type=\"widget\" data-widget_type=\"sina_counter.default\">\n\t\t\t\t<div class=\"elementor-widget-container\">\n\t\t\t\t\t\t\t<div class=\"sina-counter\">\r\n\t\t\t\t\t\t\t<div class=\"sina-counter-icon\">\r\n\t\t\t\t\t<i class=\"icofont icofont-turkish-lira\"><\/i>\r\n\t\t\t\t<\/div>\r\n\t\t\t\r\n\t\t\t\r\n\t\t\t\t\t\t\t<div class=\"sina-counter-number-wrap\">\r\n\t\t\t\t\t\r\n\t\t\t\t\t<span class=\"sina-counter-number\"\r\n\t\t\t\t\tdata-duration=\"2000\"\r\n\t\t\t\t\tdata-to-value=\"8125\"\r\n\t\t\t\t\tdata-delimiter=\",\">\r\n\t\t\t\t\t\t3000\t\t\t\t\t<\/span>\r\n\r\n\t\t\t\t\t\t\t\t\t<\/div>\r\n\t\t\t\r\n\t\t\t\t\t\t\t<h3 class=\"sina-counter-title\">Psikoteknik Raporu Eksikli\u011fi S\u00fcr\u00fcc\u00fc Cezas\u0131<\/h3>\t\t\t\t\t<\/div><!-- .sina-counter -->\r\n\t\t\t\t\t\t<\/div>\n\t\t\t\t<\/div>\n\t\t\t\t\t<\/div>\n\t\t<\/div>\n\t\t\t\t<div class=\"elementor-column elementor-col-25 elementor-top-column elementor-element elementor-element-45c6cba\" data-id=\"45c6cba\" data-element_type=\"column\" data-settings=\"{&quot;background_background&quot;:&quot;classic&quot;}\">\n\t\t\t<div class=\"elementor-widget-wrap elementor-element-populated\">\n\t\t\t\t\t\t<div class=\"elementor-element elementor-element-ab2606d elementor-widget elementor-widget-sina_counter\" data-id=\"ab2606d\" data-element_type=\"widget\" data-widget_type=\"sina_counter.default\">\n\t\t\t\t<div class=\"elementor-widget-container\">\n\t\t\t\t\t\t\t<div class=\"sina-counter\">\r\n\t\t\t\t\t\t\t<div class=\"sina-counter-icon\">\r\n\t\t\t\t\t<i class=\"icofont icofont-turkish-lira\"><\/i>\r\n\t\t\t\t<\/div>\r\n\t\t\t\r\n\t\t\t\r\n\t\t\t\t\t\t\t<div class=\"sina-counter-number-wrap\">\r\n\t\t\t\t\t\r\n\t\t\t\t\t<span class=\"sina-counter-number\"\r\n\t\t\t\t\tdata-duration=\"2000\"\r\n\t\t\t\t\tdata-to-value=\"8125\"\r\n\t\t\t\t\tdata-delimiter=\",\">\r\n\t\t\t\t\t\t3000\t\t\t\t\t<\/span>\r\n\r\n\t\t\t\t\t\t\t\t\t<\/div>\r\n\t\t\t\r\n\t\t\t\t\t\t\t<h3 class=\"sina-counter-title\">Psikoteknik Raporu Eksikli\u011fi \u0130\u015fletme Sahibi Cezas\u0131<\/h3>\t\t\t\t\t<\/div><!-- .sina-counter -->\r\n\t\t\t\t\t\t<\/div>\n\t\t\t\t<\/div>\n\t\t\t\t\t<\/div>\n\t\t<\/div>\n\t\t\t\t<div class=\"elementor-column elementor-col-25 elementor-top-column elementor-element elementor-element-8333aad\" data-id=\"8333aad\" data-element_type=\"column\" data-settings=\"{&quot;background_background&quot;:&quot;classic&quot;}\">\n\t\t\t<div class=\"elementor-widget-wrap elementor-element-populated\">\n\t\t\t\t\t\t<div class=\"elementor-element elementor-element-6e62f28 elementor-widget elementor-widget-sina_counter\" data-id=\"6e62f28\" data-element_type=\"widget\" data-widget_type=\"sina_counter.default\">\n\t\t\t\t<div class=\"elementor-widget-container\">\n\t\t\t\t\t\t\t<div class=\"sina-counter\">\r\n\t\t\t\t\t\t\t<div class=\"sina-counter-icon\">\r\n\t\t\t\t\t<i class=\"icofont icofont-turkish-lira\"><\/i>\r\n\t\t\t\t<\/div>\r\n\t\t\t\r\n\t\t\t\r\n\t\t\t\t\t\t\t<div class=\"sina-counter-number-wrap\">\r\n\t\t\t\t\t\r\n\t\t\t\t\t<span class=\"sina-counter-number\"\r\n\t\t\t\t\tdata-duration=\"2000\"\r\n\t\t\t\t\tdata-to-value=\"2700\"\r\n\t\t\t\t\tdata-delimiter=\",\">\r\n\t\t\t\t\t\t3000\t\t\t\t\t<\/span>\r\n\r\n\t\t\t\t\t\t\t\t\t<\/div>\r\n\t\t\t\r\n\t\t\t\t\t\t\t<h3 class=\"sina-counter-title\">SRC Belgesi Eksikli\u011fi S\u00fcr\u00fcc\u00fc Cezas\u0131<\/h3>\t\t\t\t\t<\/div><!-- .sina-counter -->\r\n\t\t\t\t\t\t<\/div>\n\t\t\t\t<\/div>\n\t\t\t\t\t<\/div>\n\t\t<\/div>\n\t\t\t\t<div class=\"elementor-column elementor-col-25 elementor-top-column elementor-element elementor-element-143a93f\" data-id=\"143a93f\" data-element_type=\"column\" data-settings=\"{&quot;background_background&quot;:&quot;classic&quot;}\">\n\t\t\t<div class=\"elementor-widget-wrap elementor-element-populated\">\n\t\t\t\t\t\t<div class=\"elementor-element elementor-element-5628ec5 elementor-widget elementor-widget-sina_counter\" data-id=\"5628ec5\" data-element_type=\"widget\" data-widget_type=\"sina_counter.default\">\n\t\t\t\t<div class=\"elementor-widget-container\">\n\t\t\t\t\t\t\t<div class=\"sina-counter\">\r\n\t\t\t\t\t\t\t<div class=\"sina-counter-icon\">\r\n\t\t\t\t\t<i class=\"icofont icofont-turkish-lira\"><\/i>\r\n\t\t\t\t<\/div>\r\n\t\t\t\r\n\t\t\t\r\n\t\t\t\t\t\t\t<div class=\"sina-counter-number-wrap\">\r\n\t\t\t\t\t\r\n\t\t\t\t\t<span class=\"sina-counter-number\"\r\n\t\t\t\t\tdata-duration=\"2000\"\r\n\t\t\t\t\tdata-to-value=\"6815\"\r\n\t\t\t\t\tdata-delimiter=\",\">\r\n\t\t\t\t\t\t3000\t\t\t\t\t<\/span>\r\n\r\n\t\t\t\t\t\t\t\t\t<\/div>\r\n\t\t\t\r\n\t\t\t\t\t\t\t<h3 class=\"sina-counter-title\">SRC Belgesi Eksikli\u011fi \u0130\u015fletme Sahibi Cezas\u0131<\/h3>\t\t\t\t\t<\/div><!-- .sina-counter -->\r\n\t\t\t\t\t\t<\/div>\n\t\t\t\t<\/div>\n\t\t\t\t\t<\/div>\n\t\t<\/div>\n\t\t\t\t\t<\/div>\n\t\t<\/section>\n\t\t\t\t<\/div>\n\t\t","protected":false},"excerpt":{"rendered":"<p>Belge Eksikli\u011finde Verilen Cezalar T\u00fcrkiye&#8217;de psikoteknik belgesi olmayan s\u00fcr\u00fcc\u00fclere y\u00f6nelik cezalar, trafik g\u00fcvenli\u011fi ve s\u00fcr\u00fcc\u00fc sa\u011fl\u0131\u011f\u0131 a\u00e7\u0131s\u0131ndan \u00f6nem ta\u015f\u0131r. Psikoteknik belgesi, s\u00fcr\u00fcc\u00fcn\u00fcn fiziksel ve psikolojik olarak trafikte g\u00fcvenli bir \u015fekilde ara\u00e7 kullanabilece\u011fini g\u00f6steren belgedir. Psikoteknik belgesi olmayan s\u00fcr\u00fcc\u00fclere uygulanan cezalar \u015funlard\u0131r: 1. Ceza Puan\u0131 Uygulamas\u0131: Psikoteknik belgesi olmayan s\u00fcr\u00fcc\u00fclere trafik ceza puan\u0131 uygulan\u0131r. Ceza puan\u0131, [&hellip;]<\/p>\n","protected":false},"author":1,"featured_media":0,"parent":0,"menu_order":0,"comment_status":"closed","ping_status":"closed","template":"","meta":{"_joinchat":[],"footnotes":""},"class_list":["post-27","page","type-page","status-publish","hentry"],"_links":{"self":[{"href":"https:\/\/yeditepelerpsikoteknik.com\/index.php\/wp-json\/wp\/v2\/pages\/27","targetHints":{"allow":["GET"]}}],"collection":[{"href":"https:\/\/yeditepelerpsikoteknik.com\/index.php\/wp-json\/wp\/v2\/pages"}],"about":[{"href":"https:\/\/yeditepelerpsikoteknik.com\/index.php\/wp-json\/wp\/v2\/types\/page"}],"author":[{"embeddable":true,"href":"https:\/\/yeditepelerpsikoteknik.com\/index.php\/wp-json\/wp\/v2\/users\/1"}],"replies":[{"embeddable":true,"href":"https:\/\/yeditepelerpsikoteknik.com\/index.php\/wp-json\/wp\/v2\/comments?post=27"}],"version-history":[{"count":28,"href":"https:\/\/yeditepelerpsikoteknik.com\/index.php\/wp-json\/wp\/v2\/pages\/27\/revisions"}],"predecessor-version":[{"id":726,"href":"https:\/\/yeditepelerpsikoteknik.com\/index.php\/wp-json\/wp\/v2\/pages\/27\/revisions\/726"}],"wp:attachment":[{"href":"https:\/\/yeditepelerpsikoteknik.com\/index.php\/wp-json\/wp\/v2\/media?parent=27"}],"curies":[{"name":"wp","href":"https:\/\/api.w.org\/{rel}","templated":true}]}}