{"id":23,"date":"2024-06-09T19:20:29","date_gmt":"2024-06-09T16:20:29","guid":{"rendered":"https:\/\/yeditepelerpsikoteknik.com\/?page_id=23"},"modified":"2024-06-24T18:45:17","modified_gmt":"2024-06-24T15:45:17","slug":"psikoteknik-belgesi-icin-gerekli-evraklar","status":"publish","type":"page","link":"https:\/\/yeditepelerpsikoteknik.com\/index.php\/psikoteknik-belgesi-icin-gerekli-evraklar\/","title":{"rendered":"Psikoteknik Belgesi \u0130\u00e7in Gerekli Evraklar"},"content":{"rendered":"\t\t<div data-elementor-type=\"wp-page\" data-elementor-id=\"23\" class=\"elementor elementor-23\" data-elementor-post-type=\"page\">\n\t\t\t\t\t\t<section class=\"elementor-section elementor-top-section elementor-element elementor-element-5690764 elementor-section-boxed elementor-section-height-default elementor-section-height-default\" data-id=\"5690764\" data-element_type=\"section\">\n\t\t\t\t\t\t<div class=\"elementor-container elementor-column-gap-default\">\n\t\t\t\t\t<div class=\"elementor-column elementor-col-50 elementor-top-column elementor-element elementor-element-fbe15c5\" data-id=\"fbe15c5\" data-element_type=\"column\">\n\t\t\t<div class=\"elementor-widget-wrap elementor-element-populated\">\n\t\t\t\t\t\t<div class=\"elementor-element elementor-element-9e2ec0f elementor-widget__width-initial elementor-widget-mobile__width-initial elementor-widget elementor-widget-elementskit-heading\" data-id=\"9e2ec0f\" data-element_type=\"widget\" data-widget_type=\"elementskit-heading.default\">\n\t\t\t\t<div class=\"elementor-widget-container\">\n\t\t\t\t\t<div class=\"ekit-wid-con\" ><div class=\"ekit-heading elementskit-section-title-wraper text_left   ekit_heading_tablet-   ekit_heading_mobile-text_center\"><h2 class=\"ekit-heading--title elementskit-section-title \">Psikoteknik Belgesi \u0130\u00e7in Gerekli Evraklar<\/h2><div class=\"ekit_heading_separetor_wraper ekit_heading_elementskit-border-divider ekit-dotted\"><div class=\"elementskit-border-divider ekit-dotted\"><\/div><\/div><\/div><\/div>\t\t\t\t<\/div>\n\t\t\t\t<\/div>\n\t\t\t\t<div class=\"elementor-element elementor-element-252a8a2 elementor-widget elementor-widget-text-editor\" data-id=\"252a8a2\" data-element_type=\"widget\" data-widget_type=\"text-editor.default\">\n\t\t\t\t<div class=\"elementor-widget-container\">\n\t\t\t\t\t\t\t\t\t<div class=\"flex flex-grow flex-col max-w-full\"><div class=\"min-h-[20px] text-message flex flex-col items-start whitespace-pre-wrap break-words [.text-message+&amp;]:mt-5 juice:w-full juice:items-end overflow-x-auto gap-2\" dir=\"auto\" data-message-author-role=\"assistant\" data-message-id=\"a74b7236-126f-47e4-bc65-3409632364be\"><div class=\"flex w-full flex-col gap-1 juice:empty:hidden juice:first:pt-[3px]\"><div class=\"markdown prose w-full break-words dark:prose-invert dark\"><p>Psikoteknik belgesi i\u00e7in gerekli evraklar haz\u0131rlamak hi\u00e7 zor de\u011fildir. K\u0131sa s\u00fcrede haz\u0131rlayabilece\u011finiz bu belgelere ula\u015fmak \u00e7ok kolayd\u0131r. Psikoteknik belgesi almak hem sizi hem de sizinle yolculuk yapacak ki\u015fileri koruma alt\u0131na almaya ve \u00f6l\u00fcml\u00fc ve yaralanmal\u0131 kazalar\u0131 \u00f6nlemektedir. Psikoteknik kurulu\u015flar\u0131 ve yap\u0131lan testler sayesinde ki\u015filer trafikte nas\u0131l bir s\u00fcr\u00fcc\u00fc olmas\u0131 gerekti\u011fini daha iyi anlamalar\u0131 sa\u011flar ve ayn\u0131 zamanda herhangi bir olay ile kar\u015f\u0131 kar\u015f\u0131ya geldi\u011fi zaman do\u011fru tepkileri verebilmelerini sa\u011flar. Panik olmadan ve mant\u0131kl\u0131 bir se\u00e7im yapacak bir \u015fekilde verilecek olan tepkiler sayesinde hem ki\u015filerin korkular\u0131 azal\u0131yor hem de en ufak detaylar ile en b\u00fcy\u00fck sorunlar ortadan kalkm\u0131\u015f oluyor.<\/p><p>Ticari ara\u00e7, y\u00fck ta\u015f\u0131mac\u0131l\u0131\u011f\u0131 ve yolcu ta\u015f\u0131mac\u0131l\u0131\u011f\u0131 yapacak olan s\u00fcr\u00fcc\u00fclerin mutlaka almas\u0131 gereken bir belge t\u00fcr\u00fc olan psikoteknik belgesi, bakanl\u0131k taraf\u0131ndan zorunlu tutulmu\u015ftur. Al\u0131nmad\u0131\u011f\u0131 takdirde ki\u015fi s\u00fcr\u00fc\u015fe devam edemez ve y\u00fckl\u00fc miktarlarda ceza \u00f6demek zorunda kal\u0131r.<\/p><\/div><\/div><\/div><\/div>\t\t\t\t\t\t\t\t<\/div>\n\t\t\t\t<\/div>\n\t\t\t\t<div class=\"elementor-element elementor-element-7b88f10 elementor-widget__width-initial elementor-widget-mobile__width-initial elementor-widget elementor-widget-elementskit-heading\" data-id=\"7b88f10\" data-element_type=\"widget\" data-widget_type=\"elementskit-heading.default\">\n\t\t\t\t<div class=\"elementor-widget-container\">\n\t\t\t\t\t<div class=\"ekit-wid-con\" ><div class=\"ekit-heading elementskit-section-title-wraper text_left   ekit_heading_tablet-   ekit_heading_mobile-text_center\"><h5 class=\"ekit-heading--title elementskit-section-title \">Psikoteknik belgesi i\u00e7in gerekli evraklar;<\/h5><div class=\"ekit_heading_separetor_wraper ekit_heading_elementskit-border-divider ekit-dotted\"><div class=\"elementskit-border-divider ekit-dotted\"><\/div><\/div>\t\t\t\t<div class='ekit-heading__description'>\n\t\t\t\t\t<div class=\"flex flex-grow flex-col max-w-full\">\n<div class=\"min-h-[20px] text-message flex flex-col items-start whitespace-pre-wrap break-words [.text-message+&amp;]:mt-5 juice:w-full juice:items-end overflow-x-auto gap-2\">\n<div class=\"flex w-full flex-col gap-1 juice:empty:hidden juice:first:pt-[3px]\">\n<div class=\"markdown prose w-full break-words dark:prose-invert dark\">\n<ol>\n<li>N\u00fcfus c\u00fczdan fotokopisi,<\/li>\n<li>Ehliyet fotokopisi,<\/li>\n<li>2 adet vesikal\u0131k foto\u011fraf<\/li>\n<li>Ehliyet iadesi i\u00e7in ise, ceza tutana\u011f\u0131n\u0131n fotokopisi istenmektedir.<\/li>\n<\/ol>\n<p>Bu belgeleri tamamlayan ki\u015filer sa\u011fl\u0131k bakanl\u0131\u011f\u0131 taraf\u0131ndan onaylanm\u0131\u015f olan psikoteknik kurumlar\u0131na gidip psikoteknik belgesi i\u00e7in ba\u015fvuru i\u015flemlerini ba\u015flatabilirler.<\/p>\n<\/div>\n<\/div>\n<\/div>\n<\/div>\n<div class=\"mt-1 flex gap-3 empty:hidden juice:-ml-3\">\n<div class=\"items-center justify-start rounded-xl p-1 flex\">\n<div class=\"flex items-center\">\n<div class=\"flex items-center pb-0.5 juice:pb-0\">\u00a0<\/div>\n<\/div>\n<\/div>\n<\/div>\n\t\t\t\t<\/div>\n\t\t\t<\/div><\/div>\t\t\t\t<\/div>\n\t\t\t\t<\/div>\n\t\t\t\t\t<\/div>\n\t\t<\/div>\n\t\t\t\t<div class=\"elementor-column elementor-col-50 elementor-top-column elementor-element elementor-element-5c2023b\" data-id=\"5c2023b\" data-element_type=\"column\">\n\t\t\t<div class=\"elementor-widget-wrap elementor-element-populated\">\n\t\t\t\t\t\t<div class=\"elementor-element elementor-element-6a0fcc7 elementor-widget elementor-widget-image\" data-id=\"6a0fcc7\" data-element_type=\"widget\" data-widget_type=\"image.default\">\n\t\t\t\t<div class=\"elementor-widget-container\">\n\t\t\t\t\t\t\t\t\t\t\t\t\t\t\t<img decoding=\"async\" src=\"https:\/\/yeditepelerpsikoteknik.com\/wp-content\/uploads\/elementor\/thumbs\/young-adult-organizing-documents-scaled-qpi0ixgo4abrn093byg2ykesc7z89yvh7o15ohqc7s.jpg\" title=\"Psikoteknik Belgesi \u0130\u00e7in Gerekli Evraklar\" alt=\"Psikoteknik Belgesi \u0130\u00e7in Gerekli Evraklar\" loading=\"lazy\" \/>\t\t\t\t\t\t\t\t\t\t\t\t\t\t\t<\/div>\n\t\t\t\t<\/div>\n\t\t\t\t\t<\/div>\n\t\t<\/div>\n\t\t\t\t\t<\/div>\n\t\t<\/section>\n\t\t\t\t<\/div>\n\t\t","protected":false},"excerpt":{"rendered":"<p>Psikoteknik Belgesi \u0130\u00e7in Gerekli Evraklar Psikoteknik belgesi i\u00e7in gerekli evraklar haz\u0131rlamak hi\u00e7 zor de\u011fildir. K\u0131sa s\u00fcrede haz\u0131rlayabilece\u011finiz bu belgelere ula\u015fmak \u00e7ok kolayd\u0131r. Psikoteknik belgesi almak hem sizi hem de sizinle yolculuk yapacak ki\u015fileri koruma alt\u0131na almaya ve \u00f6l\u00fcml\u00fc ve yaralanmal\u0131 kazalar\u0131 \u00f6nlemektedir. Psikoteknik kurulu\u015flar\u0131 ve yap\u0131lan testler sayesinde ki\u015filer trafikte nas\u0131l bir s\u00fcr\u00fcc\u00fc olmas\u0131 gerekti\u011fini [&hellip;]<\/p>\n","protected":false},"author":1,"featured_media":0,"parent":0,"menu_order":0,"comment_status":"closed","ping_status":"closed","template":"","meta":{"_joinchat":[],"footnotes":""},"class_list":["post-23","page","type-page","status-publish","hentry"],"_links":{"self":[{"href":"https:\/\/yeditepelerpsikoteknik.com\/index.php\/wp-json\/wp\/v2\/pages\/23","targetHints":{"allow":["GET"]}}],"collection":[{"href":"https:\/\/yeditepelerpsikoteknik.com\/index.php\/wp-json\/wp\/v2\/pages"}],"about":[{"href":"https:\/\/yeditepelerpsikoteknik.com\/index.php\/wp-json\/wp\/v2\/types\/page"}],"author":[{"embeddable":true,"href":"https:\/\/yeditepelerpsikoteknik.com\/index.php\/wp-json\/wp\/v2\/users\/1"}],"replies":[{"embeddable":true,"href":"https:\/\/yeditepelerpsikoteknik.com\/index.php\/wp-json\/wp\/v2\/comments?post=23"}],"version-history":[{"count":29,"href":"https:\/\/yeditepelerpsikoteknik.com\/index.php\/wp-json\/wp\/v2\/pages\/23\/revisions"}],"predecessor-version":[{"id":687,"href":"https:\/\/yeditepelerpsikoteknik.com\/index.php\/wp-json\/wp\/v2\/pages\/23\/revisions\/687"}],"wp:attachment":[{"href":"https:\/\/yeditepelerpsikoteknik.com\/index.php\/wp-json\/wp\/v2\/media?parent=23"}],"curies":[{"name":"wp","href":"https:\/\/api.w.org\/{rel}","templated":true}]}}