{"id":21,"date":"2024-06-09T19:20:17","date_gmt":"2024-06-09T16:20:17","guid":{"rendered":"https:\/\/yeditepelerpsikoteknik.com\/?page_id=21"},"modified":"2024-06-24T18:37:07","modified_gmt":"2024-06-24T15:37:07","slug":"psikoteknik-raporunun-gecerlilik-suresi","status":"publish","type":"page","link":"https:\/\/yeditepelerpsikoteknik.com\/index.php\/psikoteknik-raporunun-gecerlilik-suresi\/","title":{"rendered":"Psikoteknik Raporunun Ge\u00e7erlilik S\u00fcresi"},"content":{"rendered":"\t\t<div data-elementor-type=\"wp-page\" data-elementor-id=\"21\" class=\"elementor elementor-21\" data-elementor-post-type=\"page\">\n\t\t\t\t\t\t<section class=\"elementor-section elementor-top-section elementor-element elementor-element-eb8e247 elementor-section-boxed elementor-section-height-default elementor-section-height-default\" data-id=\"eb8e247\" data-element_type=\"section\">\n\t\t\t\t\t\t<div class=\"elementor-container elementor-column-gap-default\">\n\t\t\t\t\t<div class=\"elementor-column elementor-col-50 elementor-top-column elementor-element elementor-element-b1ed021\" data-id=\"b1ed021\" data-element_type=\"column\">\n\t\t\t<div class=\"elementor-widget-wrap elementor-element-populated\">\n\t\t\t\t\t\t<div class=\"elementor-element elementor-element-efa7a14 elementor-widget__width-initial elementor-widget-mobile__width-initial elementor-widget elementor-widget-elementskit-heading\" data-id=\"efa7a14\" data-element_type=\"widget\" data-widget_type=\"elementskit-heading.default\">\n\t\t\t\t<div class=\"elementor-widget-container\">\n\t\t\t\t\t<div class=\"ekit-wid-con\" ><div class=\"ekit-heading elementskit-section-title-wraper text_left   ekit_heading_tablet-   ekit_heading_mobile-text_center\"><h2 class=\"ekit-heading--title elementskit-section-title \">Psikoteknik Raporunun Ge\u00e7erlilik S\u00fcresi Nedir?<\/h2><div class=\"ekit_heading_separetor_wraper ekit_heading_elementskit-border-divider ekit-dotted\"><div class=\"elementskit-border-divider ekit-dotted\"><\/div><\/div><\/div><\/div>\t\t\t\t<\/div>\n\t\t\t\t<\/div>\n\t\t\t\t<div class=\"elementor-element elementor-element-735dfaa elementor-widget elementor-widget-text-editor\" data-id=\"735dfaa\" data-element_type=\"widget\" data-widget_type=\"text-editor.default\">\n\t\t\t\t<div class=\"elementor-widget-container\">\n\t\t\t\t\t\t\t\t\t<div class=\"flex flex-grow flex-col max-w-full\"><div class=\"min-h-[20px] text-message flex flex-col items-start whitespace-pre-wrap break-words [.text-message+&amp;]:mt-5 juice:w-full juice:items-end overflow-x-auto gap-2\" dir=\"auto\" data-message-author-role=\"assistant\" data-message-id=\"a74b7236-126f-47e4-bc65-3409632364be\"><div class=\"flex w-full flex-col gap-1 juice:empty:hidden juice:first:pt-[3px]\"><div class=\"markdown prose w-full break-words dark:prose-invert dark\"><p>Ticari ara\u00e7 s\u00fcr\u00fcc\u00fclerinin zaman i\u00e7inde y\u0131pranma ya da hastal\u0131k ge\u00e7irme olas\u0131l\u0131klar\u0131 da g\u00f6z \u00f6n\u00fcnde bulundurularak tekrarlanmas\u0131 gereken sim\u00fclat\u00f6r testler, uluslararas\u0131 yolcu ta\u015f\u0131mac\u0131l\u0131\u011f\u0131, uluslararas\u0131 e\u015fya ve y\u00fck ta\u015f\u0131mac\u0131l\u0131\u011f\u0131 ve \u015fehirleraras\u0131 e\u015fya ve yolcu ta\u015f\u0131mac\u0131l\u0131\u011f\u0131 yapacak olan kullan\u0131c\u0131lar i\u00e7in 5 y\u0131lda bir yenilenmesi gereken belgeler aras\u0131nda yer almaktad\u0131r.<\/p><p>Her 5 y\u0131lda bir kurumlara ba\u015fvuru yaparak yenilemeniz gereken bu belge, 5 y\u0131l ge\u00e7tikten sonra zaman\u0131n\u0131 doldurmu\u015f olaca\u011f\u0131 i\u00e7in yasal haklar\u0131 da bitmi\u015f olacakt\u0131r. Bu nedenle Psikoteknik raporu<strong>\u00a0<\/strong>ald\u0131\u011f\u0131n\u0131z kurumla ba\u011flant\u0131da kalmaya ve belgelerinizi yenilemeye \u00f6zen g\u00f6stermeniz gerekmektedir.<\/p><\/div><\/div><\/div><\/div><div class=\"mt-1 flex gap-3 empty:hidden juice:-ml-3\"><div class=\"items-center justify-start rounded-xl p-1 flex\"><div class=\"flex items-center\"><div class=\"flex items-center pb-0.5 juice:pb-0\">\u00a0<\/div><\/div><\/div><\/div>\t\t\t\t\t\t\t\t<\/div>\n\t\t\t\t<\/div>\n\t\t\t\t<div class=\"elementor-element elementor-element-1bde864 elementor-widget__width-initial elementor-widget-mobile__width-initial elementor-widget elementor-widget-elementskit-heading\" data-id=\"1bde864\" data-element_type=\"widget\" data-widget_type=\"elementskit-heading.default\">\n\t\t\t\t<div class=\"elementor-widget-container\">\n\t\t\t\t\t<div class=\"ekit-wid-con\" ><div class=\"ekit-heading elementskit-section-title-wraper text_left   ekit_heading_tablet-   ekit_heading_mobile-text_center\"><h2 class=\"ekit-heading--title elementskit-section-title \">Psikoteknik Rapor \u0130hlali<\/h2><div class=\"ekit_heading_separetor_wraper ekit_heading_elementskit-border-divider ekit-dotted\"><div class=\"elementskit-border-divider ekit-dotted\"><\/div><\/div><\/div><\/div>\t\t\t\t<\/div>\n\t\t\t\t<\/div>\n\t\t\t\t<div class=\"elementor-element elementor-element-e940e97 elementor-widget elementor-widget-text-editor\" data-id=\"e940e97\" data-element_type=\"widget\" data-widget_type=\"text-editor.default\">\n\t\t\t\t<div class=\"elementor-widget-container\">\n\t\t\t\t\t\t\t\t\t<p>Psikoteknik Belgesi ge\u00e7erlilik s\u00fcresi 5 y\u0131ld\u0131r. Bu rapora sahip olmayan ki\u015filer bu durumun tespit edilmesi durumunda ihtar cezas\u0131 yemektedir. Ki\u015filer, gelen ihtar cezas\u0131n\u0131 para cezas\u0131na d\u00f6n\u00fc\u015ft\u00fcrebilmektedirler.Bir ihtar cezas\u0131n\u0131 \u00f6deyen ki\u015filer toplamda ald\u0131\u011f\u0131 ihtar say\u0131s\u0131 50 adete ula\u015f\u0131rsa o zaman belgesi tamamen iptal edilmektedir. \u0130ptal edilen belge psikoteknik merkezleri taraf\u0131ndan hemen verilmemektedir. Bu kez ki\u015fileri olduk\u00e7a zorlu bir s\u00fcre\u00e7 beklemektedir.<\/p>\t\t\t\t\t\t\t\t<\/div>\n\t\t\t\t<\/div>\n\t\t\t\t\t<\/div>\n\t\t<\/div>\n\t\t\t\t<div class=\"elementor-column elementor-col-50 elementor-top-column elementor-element elementor-element-05e12ec\" data-id=\"05e12ec\" data-element_type=\"column\">\n\t\t\t<div class=\"elementor-widget-wrap elementor-element-populated\">\n\t\t\t\t\t\t<div class=\"elementor-element elementor-element-a7257aa elementor-widget elementor-widget-image\" data-id=\"a7257aa\" data-element_type=\"widget\" data-widget_type=\"image.default\">\n\t\t\t\t<div class=\"elementor-widget-container\">\n\t\t\t\t\t\t\t\t\t\t\t\t\t\t\t<img decoding=\"async\" src=\"https:\/\/yeditepelerpsikoteknik.com\/wp-content\/uploads\/elementor\/thumbs\/male-bus-driver-portrait-scaled-qpgnmwjxnqimah2ygs1ctji2g3zqym6xvhbu8gppww.jpg\" title=\"Psikoteknik Ge\u00e7erlilik S\u00fcresi Nedir?\" alt=\"Psikoteknik Ge\u00e7erlilik S\u00fcresi Nedir?\" loading=\"lazy\" \/>\t\t\t\t\t\t\t\t\t\t\t\t\t\t\t<\/div>\n\t\t\t\t<\/div>\n\t\t\t\t\t<\/div>\n\t\t<\/div>\n\t\t\t\t\t<\/div>\n\t\t<\/section>\n\t\t\t\t<\/div>\n\t\t","protected":false},"excerpt":{"rendered":"<p>Psikoteknik Raporunun Ge\u00e7erlilik S\u00fcresi Nedir? Ticari ara\u00e7 s\u00fcr\u00fcc\u00fclerinin zaman i\u00e7inde y\u0131pranma ya da hastal\u0131k ge\u00e7irme olas\u0131l\u0131klar\u0131 da g\u00f6z \u00f6n\u00fcnde bulundurularak tekrarlanmas\u0131 gereken sim\u00fclat\u00f6r testler, uluslararas\u0131 yolcu ta\u015f\u0131mac\u0131l\u0131\u011f\u0131, uluslararas\u0131 e\u015fya ve y\u00fck ta\u015f\u0131mac\u0131l\u0131\u011f\u0131 ve \u015fehirleraras\u0131 e\u015fya ve yolcu ta\u015f\u0131mac\u0131l\u0131\u011f\u0131 yapacak olan kullan\u0131c\u0131lar i\u00e7in 5 y\u0131lda bir yenilenmesi gereken belgeler aras\u0131nda yer almaktad\u0131r. Her 5 y\u0131lda bir [&hellip;]<\/p>\n","protected":false},"author":1,"featured_media":0,"parent":0,"menu_order":0,"comment_status":"closed","ping_status":"closed","template":"","meta":{"_joinchat":[],"footnotes":""},"class_list":["post-21","page","type-page","status-publish","hentry"],"_links":{"self":[{"href":"https:\/\/yeditepelerpsikoteknik.com\/index.php\/wp-json\/wp\/v2\/pages\/21","targetHints":{"allow":["GET"]}}],"collection":[{"href":"https:\/\/yeditepelerpsikoteknik.com\/index.php\/wp-json\/wp\/v2\/pages"}],"about":[{"href":"https:\/\/yeditepelerpsikoteknik.com\/index.php\/wp-json\/wp\/v2\/types\/page"}],"author":[{"embeddable":true,"href":"https:\/\/yeditepelerpsikoteknik.com\/index.php\/wp-json\/wp\/v2\/users\/1"}],"replies":[{"embeddable":true,"href":"https:\/\/yeditepelerpsikoteknik.com\/index.php\/wp-json\/wp\/v2\/comments?post=21"}],"version-history":[{"count":22,"href":"https:\/\/yeditepelerpsikoteknik.com\/index.php\/wp-json\/wp\/v2\/pages\/21\/revisions"}],"predecessor-version":[{"id":647,"href":"https:\/\/yeditepelerpsikoteknik.com\/index.php\/wp-json\/wp\/v2\/pages\/21\/revisions\/647"}],"wp:attachment":[{"href":"https:\/\/yeditepelerpsikoteknik.com\/index.php\/wp-json\/wp\/v2\/media?parent=21"}],"curies":[{"name":"wp","href":"https:\/\/api.w.org\/{rel}","templated":true}]}}