{"id":16,"date":"2024-06-09T19:18:31","date_gmt":"2024-06-09T16:18:31","guid":{"rendered":"https:\/\/yeditepelerpsikoteknik.com\/?page_id=16"},"modified":"2024-06-24T18:30:50","modified_gmt":"2024-06-24T15:30:50","slug":"psikoteknik-nedir","status":"publish","type":"page","link":"https:\/\/yeditepelerpsikoteknik.com\/index.php\/psikoteknik-nedir\/","title":{"rendered":"Psikoteknik Nedir?"},"content":{"rendered":"\t\t<div data-elementor-type=\"wp-page\" data-elementor-id=\"16\" class=\"elementor elementor-16\" data-elementor-post-type=\"page\">\n\t\t\t\t\t\t<section class=\"elementor-section elementor-top-section elementor-element elementor-element-404bcf2 elementor-section-boxed elementor-section-height-default elementor-section-height-default\" data-id=\"404bcf2\" data-element_type=\"section\">\n\t\t\t\t\t\t<div class=\"elementor-container elementor-column-gap-default\">\n\t\t\t\t\t<div class=\"elementor-column elementor-col-50 elementor-top-column elementor-element elementor-element-96c3692\" data-id=\"96c3692\" data-element_type=\"column\">\n\t\t\t<div class=\"elementor-widget-wrap elementor-element-populated\">\n\t\t\t\t\t\t<div class=\"elementor-element elementor-element-45105d9 elementor-widget__width-initial elementor-widget-mobile__width-initial elementor-widget elementor-widget-elementskit-heading\" data-id=\"45105d9\" data-element_type=\"widget\" data-widget_type=\"elementskit-heading.default\">\n\t\t\t\t<div class=\"elementor-widget-container\">\n\t\t\t\t\t<div class=\"ekit-wid-con\" ><div class=\"ekit-heading elementskit-section-title-wraper text_left   ekit_heading_tablet-   ekit_heading_mobile-text_center\"><h2 class=\"ekit-heading--title elementskit-section-title \">Psikoteknik Nedir?<\/h2><div class=\"ekit_heading_separetor_wraper ekit_heading_elementskit-border-divider ekit-dotted\"><div class=\"elementskit-border-divider ekit-dotted\"><\/div><\/div><\/div><\/div>\t\t\t\t<\/div>\n\t\t\t\t<\/div>\n\t\t\t\t<div class=\"elementor-element elementor-element-389b39b elementor-widget elementor-widget-text-editor\" data-id=\"389b39b\" data-element_type=\"widget\" data-widget_type=\"text-editor.default\">\n\t\t\t\t<div class=\"elementor-widget-container\">\n\t\t\t\t\t\t\t\t\t<div class=\"flex flex-grow flex-col max-w-full\"><div class=\"min-h-[20px] text-message flex flex-col items-start whitespace-pre-wrap break-words [.text-message+&amp;]:mt-5 juice:w-full juice:items-end overflow-x-auto gap-2\" dir=\"auto\" data-message-author-role=\"assistant\" data-message-id=\"a74b7236-126f-47e4-bc65-3409632364be\"><div class=\"flex w-full flex-col gap-1 juice:empty:hidden juice:first:pt-[3px]\"><div class=\"markdown prose w-full break-words dark:prose-invert dark\"><p>Psikoteknik, bireylerin \u00e7al\u0131\u015fma \u015fartlar\u0131na ne kadar uyum sa\u011flayabildi\u011fini, dayan\u0131kl\u0131l\u0131\u011f\u0131n\u0131, o i\u015fi yaparken yapt\u0131\u011f\u0131 i\u015fte ne kadar zaman ge\u00e7irece\u011fi, \u00e7al\u0131\u015ft\u0131\u011f\u0131 saatler boyunca ne kadar verimli olabilece\u011fini kapsaml\u0131 olarak ara\u015ft\u0131ran bir y\u00f6ntemdir. Bu y\u00f6ntem uygulan\u0131rken ayr\u0131ca ki\u015filerin fiziksel olarak bir kusuru bulunup bulunmad\u0131\u011f\u0131n\u0131 testler uygulanarak karar verilir. \u00d6zetle Psikoteknik, ehliyet almak isteyen ki\u015filerin ruhsal ve fiziksel olarak sa\u011fl\u0131kl\u0131 olup olmad\u0131\u011f\u0131n\u0131 anlamak i\u00e7in yap\u0131lan bir y\u00f6ntemdir.\u00a0<\/p><p>Psikoteknik de\u011ferlendirme, bireylerin zihinsel ve psikomotor yeteneklerini \u00f6l\u00e7en bir test s\u00fcrecidir. Bu de\u011ferlendirme, \u00f6zellikle s\u00fcr\u00fcc\u00fcler i\u00e7in \u00f6nemli olup, reaksiyon zaman\u0131, dikkat, alg\u0131lama ve karar verme yetilerini analiz eder. Yeditepeler Psikoteknik Merkezi olarak, Vienna Test Sistemi&#8217;ni kullanarak, h\u0131zl\u0131 ve g\u00fcvenilir sonu\u00e7larla psikoteknik belgenizi 1 saat i\u00e7erisinde veriyoruz.<\/p><p><b>Psiko-teknik de\u011ferlendirme merkezlerinde Psikiyatri Uzman\u0131 ve Psikologlar g\u00f6rev yapmaktad\u0131r.<\/b><\/p><\/div><\/div><\/div><\/div><div class=\"mt-1 flex gap-3 empty:hidden juice:-ml-3\"><div class=\"items-center justify-start rounded-xl p-1 flex\"><div class=\"flex items-center\"><div class=\"flex items-center pb-0.5 juice:pb-0\">\u00a0<\/div><\/div><\/div><\/div>\t\t\t\t\t\t\t\t<\/div>\n\t\t\t\t<\/div>\n\t\t\t\t\t<\/div>\n\t\t<\/div>\n\t\t\t\t<div class=\"elementor-column elementor-col-50 elementor-top-column elementor-element elementor-element-74ee379\" data-id=\"74ee379\" data-element_type=\"column\">\n\t\t\t<div class=\"elementor-widget-wrap elementor-element-populated\">\n\t\t\t\t\t\t<div class=\"elementor-element elementor-element-0cfba13 elementor-widget elementor-widget-image\" data-id=\"0cfba13\" data-element_type=\"widget\" data-widget_type=\"image.default\">\n\t\t\t\t<div class=\"elementor-widget-container\">\n\t\t\t\t\t\t\t\t\t\t\t\t\t\t\t<img fetchpriority=\"high\" decoding=\"async\" width=\"690\" height=\"460\" src=\"https:\/\/yeditepelerpsikoteknik.com\/wp-content\/uploads\/2024\/06\/690x460.jpg\" class=\"attachment-large size-large wp-image-81\" alt=\"\" srcset=\"https:\/\/yeditepelerpsikoteknik.com\/wp-content\/uploads\/2024\/06\/690x460.jpg 690w, https:\/\/yeditepelerpsikoteknik.com\/wp-content\/uploads\/2024\/06\/690x460-300x200.jpg 300w\" sizes=\"(max-width: 690px) 100vw, 690px\" \/>\t\t\t\t\t\t\t\t\t\t\t\t\t\t\t<\/div>\n\t\t\t\t<\/div>\n\t\t\t\t\t<\/div>\n\t\t<\/div>\n\t\t\t\t\t<\/div>\n\t\t<\/section>\n\t\t\t\t<section class=\"elementor-section elementor-top-section elementor-element elementor-element-1682c18 elementor-section-boxed elementor-section-height-default elementor-section-height-default\" data-id=\"1682c18\" data-element_type=\"section\">\n\t\t\t\t\t\t<div class=\"elementor-container elementor-column-gap-default\">\n\t\t\t\t\t<div class=\"elementor-column elementor-col-100 elementor-top-column elementor-element elementor-element-c7dcc86\" data-id=\"c7dcc86\" data-element_type=\"column\">\n\t\t\t<div class=\"elementor-widget-wrap elementor-element-populated\">\n\t\t\t\t\t\t<div class=\"elementor-element elementor-element-70ce2aa elementor-widget__width-initial elementor-widget-mobile__width-initial elementor-widget elementor-widget-elementskit-heading\" data-id=\"70ce2aa\" data-element_type=\"widget\" data-widget_type=\"elementskit-heading.default\">\n\t\t\t\t<div class=\"elementor-widget-container\">\n\t\t\t\t\t<div class=\"ekit-wid-con\" ><div class=\"ekit-heading elementskit-section-title-wraper text_left   ekit_heading_tablet-   ekit_heading_mobile-text_center\"><h2 class=\"ekit-heading--title elementskit-section-title \">Yasal Konular<\/h2><div class=\"ekit_heading_separetor_wraper ekit_heading_elementskit-border-divider ekit-dotted\"><div class=\"elementskit-border-divider ekit-dotted\"><\/div><\/div><\/div><\/div>\t\t\t\t<\/div>\n\t\t\t\t<\/div>\n\t\t\t\t<div class=\"elementor-element elementor-element-f867c8e elementor-widget__width-initial elementor-widget-mobile__width-initial elementor-widget elementor-widget-elementskit-heading\" data-id=\"f867c8e\" data-element_type=\"widget\" data-widget_type=\"elementskit-heading.default\">\n\t\t\t\t<div class=\"elementor-widget-container\">\n\t\t\t\t\t<div class=\"ekit-wid-con\" ><div class=\"ekit-heading elementskit-section-title-wraper text_left   ekit_heading_tablet-   ekit_heading_mobile-text_center\"><h5 class=\"ekit-heading--title elementskit-section-title \">Ehliyet \u0130adesi<\/h5><div class=\"ekit_heading_separetor_wraper ekit_heading_elementskit-border-divider ekit-dotted\"><div class=\"elementskit-border-divider ekit-dotted\"><\/div><\/div><\/div><\/div>\t\t\t\t<\/div>\n\t\t\t\t<\/div>\n\t\t\t\t<div class=\"elementor-element elementor-element-08da450 elementor-widget elementor-widget-text-editor\" data-id=\"08da450\" data-element_type=\"widget\" data-widget_type=\"text-editor.default\">\n\t\t\t\t<div class=\"elementor-widget-container\">\n\t\t\t\t\t\t\t\t\t<p>2918 Say\u0131l\u0131 Karayollar\u0131 Trafik Kanunu\u2019na dayal\u0131 Karayollar\u0131 Trafik Y\u00f6netmeli\u011fi Madde-79; kanunun ilgili maddelerinde tan\u0131mlanan nitelikteki trafik su\u00e7lar\u0131n\u0131 i\u015fleyen s\u00fcr\u00fcc\u00fcler, tan\u0131mlanan usul ve esaslara uygun olarak, Psikoteknik De\u011ferlendirme ve Psikiyatri Uzman\u0131 Muayenesine tabi tutulurlar. Muayene sonucu durumu uygun bulunan s\u00fcr\u00fcc\u00fclerin s\u00fcr\u00fcc\u00fc belgeleri Kanunun ilgili maddesinde belirtilen s\u00fcrenin sonunda iade edilir.<\/p>\t\t\t\t\t\t\t\t<\/div>\n\t\t\t\t<\/div>\n\t\t\t\t<div class=\"elementor-element elementor-element-3c4a8d6 elementor-widget__width-initial elementor-widget-mobile__width-initial elementor-widget elementor-widget-elementskit-heading\" data-id=\"3c4a8d6\" data-element_type=\"widget\" data-widget_type=\"elementskit-heading.default\">\n\t\t\t\t<div class=\"elementor-widget-container\">\n\t\t\t\t\t<div class=\"ekit-wid-con\" ><div class=\"ekit-heading elementskit-section-title-wraper text_left   ekit_heading_tablet-   ekit_heading_mobile-text_center\"><h5 class=\"ekit-heading--title elementskit-section-title \">KTY 60 e (Karayolu Ta\u015f\u0131ma Y\u00f6netmeli\u011fi Madde 60 Bendi E)<\/h5><div class=\"ekit_heading_separetor_wraper ekit_heading_elementskit-border-divider ekit-dotted\"><div class=\"elementskit-border-divider ekit-dotted\"><\/div><\/div><\/div><\/div>\t\t\t\t<\/div>\n\t\t\t\t<\/div>\n\t\t\t\t<div class=\"elementor-element elementor-element-3aec755 elementor-widget elementor-widget-text-editor\" data-id=\"3aec755\" data-element_type=\"widget\" data-widget_type=\"text-editor.default\">\n\t\t\t\t<div class=\"elementor-widget-container\">\n\t\t\t\t\t\t\t\t\t<p>Ticari ara\u00e7 kullanan s\u00fcr\u00fcc\u00fclerin bedeni ve psikoteknik a\u00e7\u0131dan sa\u011fl\u0131kl\u0131 olduklar\u0131n\u0131 g\u00f6steren bir sa\u011fl\u0131k raporunu yetkili sa\u011fl\u0131k kurulu\u015flar\u0131ndan her be\u015f y\u0131lda bir almalar\u0131 \u015fartt\u0131r.<\/p>\t\t\t\t\t\t\t\t<\/div>\n\t\t\t\t<\/div>\n\t\t\t\t<div class=\"elementor-element elementor-element-7a86d5c elementor-widget__width-initial elementor-widget-mobile__width-initial elementor-widget elementor-widget-elementskit-heading\" data-id=\"7a86d5c\" data-element_type=\"widget\" data-widget_type=\"elementskit-heading.default\">\n\t\t\t\t<div class=\"elementor-widget-container\">\n\t\t\t\t\t<div class=\"ekit-wid-con\" ><div class=\"ekit-heading elementskit-section-title-wraper text_left   ekit_heading_tablet-   ekit_heading_mobile-text_center\"><h2 class=\"ekit-heading--title elementskit-section-title \">Psikoteknik Belgesi<\/h2><div class=\"ekit_heading_separetor_wraper ekit_heading_elementskit-border-divider ekit-dotted\"><div class=\"elementskit-border-divider ekit-dotted\"><\/div><\/div><\/div><\/div>\t\t\t\t<\/div>\n\t\t\t\t<\/div>\n\t\t\t\t<div class=\"elementor-element elementor-element-e80da8a elementor-widget elementor-widget-text-editor\" data-id=\"e80da8a\" data-element_type=\"widget\" data-widget_type=\"text-editor.default\">\n\t\t\t\t<div class=\"elementor-widget-container\">\n\t\t\t\t\t\t\t\t\t<div class=\"flex flex-grow flex-col max-w-full\"><div class=\"min-h-[20px] text-message flex flex-col items-start whitespace-pre-wrap break-words [.text-message+&amp;]:mt-5 juice:w-full juice:items-end overflow-x-auto gap-2\" dir=\"auto\" data-message-author-role=\"assistant\" data-message-id=\"a74b7236-126f-47e4-bc65-3409632364be\"><div class=\"flex w-full flex-col gap-1 juice:empty:hidden juice:first:pt-[3px]\"><div class=\"markdown prose w-full break-words dark:prose-invert dark\"><p>Trafik kazalar\u0131n\u0131 en aza indirmek ve s\u00fcr\u00fcc\u00fcn\u00fcn tepkilerini \u00f6l\u00e7mek i\u00e7in uygulanan bir y\u00f6ntemdir. Psikoteknik Belgesi almak i\u00e7in , dikkat testi, muhakeme testi, koordinasyon testi, se\u00e7ici dikkat testi, h\u0131z mesafe tahmin testi, \u00e7arp\u0131\u015fma tahmin testi, g\u00f6rsel alg\u0131 bellek testi, ki\u015filik testi, g\u00f6rsel s\u00fcreklilik testi, \u00e7evresel g\u00f6rsel g\u00f6r\u00fc\u015f testi, tepki h\u0131z\u0131 testi ve trafi\u011fe ili\u015fkin g\u00f6r\u00fc\u015f testi gibi testler uygulan\u0131r.<\/p><\/div><\/div><\/div><\/div><div class=\"mt-1 flex gap-3 empty:hidden juice:-ml-3\"><div class=\"items-center justify-start rounded-xl p-1 flex\"><div class=\"flex items-center\"><div class=\"flex items-center pb-0.5 juice:pb-0\">\u00a0<\/div><\/div><\/div><\/div>\t\t\t\t\t\t\t\t<\/div>\n\t\t\t\t<\/div>\n\t\t\t\t\t<\/div>\n\t\t<\/div>\n\t\t\t\t\t<\/div>\n\t\t<\/section>\n\t\t\t\t<\/div>\n\t\t","protected":false},"excerpt":{"rendered":"<p>Psikoteknik Nedir? Psikoteknik, bireylerin \u00e7al\u0131\u015fma \u015fartlar\u0131na ne kadar uyum sa\u011flayabildi\u011fini, dayan\u0131kl\u0131l\u0131\u011f\u0131n\u0131, o i\u015fi yaparken yapt\u0131\u011f\u0131 i\u015fte ne kadar zaman ge\u00e7irece\u011fi, \u00e7al\u0131\u015ft\u0131\u011f\u0131 saatler boyunca ne kadar verimli olabilece\u011fini kapsaml\u0131 olarak ara\u015ft\u0131ran bir y\u00f6ntemdir. Bu y\u00f6ntem uygulan\u0131rken ayr\u0131ca ki\u015filerin fiziksel olarak bir kusuru bulunup bulunmad\u0131\u011f\u0131n\u0131 testler uygulanarak karar verilir. \u00d6zetle Psikoteknik, ehliyet almak isteyen ki\u015filerin ruhsal ve [&hellip;]<\/p>\n","protected":false},"author":1,"featured_media":0,"parent":0,"menu_order":0,"comment_status":"closed","ping_status":"closed","template":"","meta":{"_joinchat":[],"footnotes":""},"class_list":["post-16","page","type-page","status-publish","hentry"],"_links":{"self":[{"href":"https:\/\/yeditepelerpsikoteknik.com\/index.php\/wp-json\/wp\/v2\/pages\/16","targetHints":{"allow":["GET"]}}],"collection":[{"href":"https:\/\/yeditepelerpsikoteknik.com\/index.php\/wp-json\/wp\/v2\/pages"}],"about":[{"href":"https:\/\/yeditepelerpsikoteknik.com\/index.php\/wp-json\/wp\/v2\/types\/page"}],"author":[{"embeddable":true,"href":"https:\/\/yeditepelerpsikoteknik.com\/index.php\/wp-json\/wp\/v2\/users\/1"}],"replies":[{"embeddable":true,"href":"https:\/\/yeditepelerpsikoteknik.com\/index.php\/wp-json\/wp\/v2\/comments?post=16"}],"version-history":[{"count":56,"href":"https:\/\/yeditepelerpsikoteknik.com\/index.php\/wp-json\/wp\/v2\/pages\/16\/revisions"}],"predecessor-version":[{"id":638,"href":"https:\/\/yeditepelerpsikoteknik.com\/index.php\/wp-json\/wp\/v2\/pages\/16\/revisions\/638"}],"wp:attachment":[{"href":"https:\/\/yeditepelerpsikoteknik.com\/index.php\/wp-json\/wp\/v2\/media?parent=16"}],"curies":[{"name":"wp","href":"https:\/\/api.w.org\/{rel}","templated":true}]}}