{"id":14,"date":"2024-06-09T19:18:00","date_gmt":"2024-06-09T16:18:00","guid":{"rendered":"https:\/\/yeditepelerpsikoteknik.com\/?page_id=14"},"modified":"2024-07-01T19:05:57","modified_gmt":"2024-07-01T16:05:57","slug":"kurumsal","status":"publish","type":"page","link":"https:\/\/yeditepelerpsikoteknik.com\/index.php\/kurumsal\/","title":{"rendered":"KURUMSAL"},"content":{"rendered":"\t\t<div data-elementor-type=\"wp-page\" data-elementor-id=\"14\" class=\"elementor elementor-14\" data-elementor-post-type=\"page\">\n\t\t\t\t\t\t<section class=\"elementor-section elementor-top-section elementor-element elementor-element-bd848aa elementor-section-boxed elementor-section-height-default elementor-section-height-default\" data-id=\"bd848aa\" data-element_type=\"section\">\n\t\t\t\t\t\t<div class=\"elementor-container elementor-column-gap-wider\">\n\t\t\t\t\t<div class=\"elementor-column elementor-col-50 elementor-top-column elementor-element elementor-element-7b0a67e\" data-id=\"7b0a67e\" data-element_type=\"column\" data-settings=\"{&quot;background_background&quot;:&quot;gradient&quot;}\">\n\t\t\t<div class=\"elementor-widget-wrap elementor-element-populated\">\n\t\t\t\t\t\t<div class=\"elementor-element elementor-element-d4ad95e elementor-widget__width-initial elementor-widget elementor-widget-image\" data-id=\"d4ad95e\" data-element_type=\"widget\" data-widget_type=\"image.default\">\n\t\t\t\t<div class=\"elementor-widget-container\">\n\t\t\t\t\t\t\t\t\t\t\t\t\t\t\t<img fetchpriority=\"high\" decoding=\"async\" width=\"500\" height=\"500\" src=\"https:\/\/yeditepelerpsikoteknik.com\/wp-content\/uploads\/2024\/06\/SARI-DIKEY-500X500-WEB-SITE-LOGOSU.png\" class=\"attachment-large size-large wp-image-479\" alt=\"\" srcset=\"https:\/\/yeditepelerpsikoteknik.com\/wp-content\/uploads\/2024\/06\/SARI-DIKEY-500X500-WEB-SITE-LOGOSU.png 500w, https:\/\/yeditepelerpsikoteknik.com\/wp-content\/uploads\/2024\/06\/SARI-DIKEY-500X500-WEB-SITE-LOGOSU-300x300.png 300w, https:\/\/yeditepelerpsikoteknik.com\/wp-content\/uploads\/2024\/06\/SARI-DIKEY-500X500-WEB-SITE-LOGOSU-150x150.png 150w\" sizes=\"(max-width: 500px) 100vw, 500px\" \/>\t\t\t\t\t\t\t\t\t\t\t\t\t\t\t<\/div>\n\t\t\t\t<\/div>\n\t\t\t\t\t<\/div>\n\t\t<\/div>\n\t\t\t\t<div class=\"elementor-column elementor-col-50 elementor-top-column elementor-element elementor-element-c0ed1bc\" data-id=\"c0ed1bc\" data-element_type=\"column\">\n\t\t\t<div class=\"elementor-widget-wrap elementor-element-populated\">\n\t\t\t\t\t\t<div class=\"elementor-element elementor-element-86e1708 elementor-widget elementor-widget-elementskit-heading\" data-id=\"86e1708\" data-element_type=\"widget\" data-widget_type=\"elementskit-heading.default\">\n\t\t\t\t<div class=\"elementor-widget-container\">\n\t\t\t\t\t<div class=\"ekit-wid-con\" ><div class=\"ekit-heading elementskit-section-title-wraper text_left   ekit_heading_tablet-   ekit_heading_mobile-text_center\"><h2 class=\"ekit-heading--title elementskit-section-title \">Yeditepeler Psikoteknik ve De\u011ferlendirme Merkezi<\/h2><div class=\"ekit_heading_separetor_wraper ekit_heading_elementskit-border-divider ekit-dotted\"><div class=\"elementskit-border-divider ekit-dotted\"><\/div><\/div>\t\t\t\t<div class='ekit-heading__description'>\n\t\t\t\t\t<p>2008 y\u0131l\u0131ndan bu yana, Yeditepeler Psikoteknik Merkezi olarak, Maltepe F\u0131nd\u0131kl\u0131'daki ofisimizde profesyonel ve g\u00fcvenilir psikoteknik de\u011ferlendirme hizmetleri sunmaktay\u0131z. Alan\u0131nda uzman psikolo\u011fumuz ile birlikte, en son teknoloji \u00fcr\u00fcn\u00fc olan Vienna Test System (VTS) kullanarak, h\u0131zl\u0131 ve do\u011fru sonu\u00e7lar elde ediyoruz. Merkezimizde, sadece bir saat i\u00e7inde psikoteknik belgesi alabilirsiniz.<\/p>\n\t\t\t\t<\/div>\n\t\t\t<\/div><\/div>\t\t\t\t<\/div>\n\t\t\t\t<\/div>\n\t\t\t\t\t<\/div>\n\t\t<\/div>\n\t\t\t\t\t<\/div>\n\t\t<\/section>\n\t\t\t\t<section class=\"elementor-section elementor-top-section elementor-element elementor-element-b2bef96 elementor-section-boxed elementor-section-height-default elementor-section-height-default\" data-id=\"b2bef96\" data-element_type=\"section\">\n\t\t\t\t\t\t<div class=\"elementor-container elementor-column-gap-default\">\n\t\t\t\t\t<div class=\"elementor-column elementor-col-50 elementor-top-column elementor-element elementor-element-0b260a4\" data-id=\"0b260a4\" data-element_type=\"column\">\n\t\t\t<div class=\"elementor-widget-wrap elementor-element-populated\">\n\t\t\t\t\t\t<div class=\"elementor-element elementor-element-fe1fda9 elementor-widget elementor-widget-elementskit-heading\" data-id=\"fe1fda9\" data-element_type=\"widget\" data-widget_type=\"elementskit-heading.default\">\n\t\t\t\t<div class=\"elementor-widget-container\">\n\t\t\t\t\t<div class=\"ekit-wid-con\" ><div class=\"ekit-heading elementskit-section-title-wraper text_left   ekit_heading_tablet-   ekit_heading_mobile-text_center\"><h2 class=\"ekit-heading--title elementskit-section-title \">Vizyonumuz<\/h2><div class=\"ekit_heading_separetor_wraper ekit_heading_elementskit-border-divider ekit-dotted\"><div class=\"elementskit-border-divider ekit-dotted\"><\/div><\/div>\t\t\t\t<div class='ekit-heading__description'>\n\t\t\t\t\t<p>Yeditepeler Psikoteknik Merkezi olarak vizyonumuz, T\u00fcrkiye'de psikoteknik de\u011ferlendirme ve belgelendirme alan\u0131nda lider konuma gelerek, yenilik\u00e7i ve bilimsel y\u00f6ntemlerle en \u00fcst d\u00fczeyde hizmet sunmakt\u0131r. Amac\u0131m\u0131z, bireylerin g\u00fcvenli ve etkin bir \u015fekilde ara\u00e7 kullanmalar\u0131n\u0131 sa\u011flayarak, trafik g\u00fcvenli\u011fine katk\u0131da bulunmakt\u0131r.<\/p>\n\t\t\t\t<\/div>\n\t\t\t<\/div><\/div>\t\t\t\t<\/div>\n\t\t\t\t<\/div>\n\t\t\t\t\t<\/div>\n\t\t<\/div>\n\t\t\t\t<div class=\"elementor-column elementor-col-50 elementor-top-column elementor-element elementor-element-26c06d1\" data-id=\"26c06d1\" data-element_type=\"column\">\n\t\t\t<div class=\"elementor-widget-wrap elementor-element-populated\">\n\t\t\t\t\t\t<div class=\"elementor-element elementor-element-63cd42e elementor-widget elementor-widget-elementskit-heading\" data-id=\"63cd42e\" data-element_type=\"widget\" data-widget_type=\"elementskit-heading.default\">\n\t\t\t\t<div class=\"elementor-widget-container\">\n\t\t\t\t\t<div class=\"ekit-wid-con\" ><div class=\"ekit-heading elementskit-section-title-wraper text_left   ekit_heading_tablet-   ekit_heading_mobile-text_center\"><h2 class=\"ekit-heading--title elementskit-section-title \">Misyonumuz<\/h2><div class=\"ekit_heading_separetor_wraper ekit_heading_elementskit-border-divider ekit-dotted\"><div class=\"elementskit-border-divider ekit-dotted\"><\/div><\/div>\t\t\t\t<div class='ekit-heading__description'>\n\t\t\t\t\t<p>Misyonumuz, alan\u0131nda uzman kadromuz ve ileri teknolojiye dayal\u0131 test sistemlerimizle, m\u00fc\u015fterilerimize h\u0131zl\u0131, do\u011fru ve g\u00fcvenilir psikoteknik de\u011ferlendirme hizmetleri sunmakt\u0131r. M\u00fc\u015fteri memnuniyetini her zaman \u00f6n planda tutarak, bireylerin ihtiya\u00e7lar\u0131na uygun \u00e7\u00f6z\u00fcmler \u00fcretiyor ve trafik g\u00fcvenli\u011fini art\u0131rmay\u0131 hedefliyoruz.<\/p>\n\t\t\t\t<\/div>\n\t\t\t<\/div><\/div>\t\t\t\t<\/div>\n\t\t\t\t<\/div>\n\t\t\t\t\t<\/div>\n\t\t<\/div>\n\t\t\t\t\t<\/div>\n\t\t<\/section>\n\t\t\t\t<section class=\"elementor-section elementor-top-section elementor-element elementor-element-be1b182 elementor-section-boxed elementor-section-height-default elementor-section-height-default\" data-id=\"be1b182\" data-element_type=\"section\">\n\t\t\t\t\t\t<div class=\"elementor-container elementor-column-gap-default\">\n\t\t\t\t\t<div class=\"elementor-column elementor-col-100 elementor-top-column elementor-element elementor-element-3b58649\" data-id=\"3b58649\" data-element_type=\"column\">\n\t\t\t<div class=\"elementor-widget-wrap elementor-element-populated\">\n\t\t\t\t\t\t<div class=\"elementor-element elementor-element-d3fe4f0 elementor-widget elementor-widget-elementskit-heading\" data-id=\"d3fe4f0\" data-element_type=\"widget\" data-widget_type=\"elementskit-heading.default\">\n\t\t\t\t<div class=\"elementor-widget-container\">\n\t\t\t\t\t<div class=\"ekit-wid-con\" ><div class=\"ekit-heading elementskit-section-title-wraper text_left   ekit_heading_tablet-   ekit_heading_mobile-text_center\"><h2 class=\"ekit-heading--title elementskit-section-title \">Psikoteknik Merkezimizden Kareler<\/h2><div class=\"ekit_heading_separetor_wraper ekit_heading_elementskit-border-divider ekit-dotted\"><div class=\"elementskit-border-divider ekit-dotted\"><\/div><\/div><\/div><\/div>\t\t\t\t<\/div>\n\t\t\t\t<\/div>\n\t\t\t\t<div class=\"elementor-element elementor-element-f4502a3 elementor-widget elementor-widget-image-gallery\" data-id=\"f4502a3\" data-element_type=\"widget\" data-widget_type=\"image-gallery.default\">\n\t\t\t\t<div class=\"elementor-widget-container\">\n\t\t\t\t\t\t\t<div class=\"elementor-image-gallery\">\n\t\t\t<div id='gallery-1' class='gallery galleryid-14 gallery-columns-3 gallery-size-medium'><figure class='gallery-item'>\n\t\t\t<div class='gallery-icon landscape'>\n\t\t\t\t<a data-elementor-open-lightbox=\"yes\" data-elementor-lightbox-slideshow=\"f4502a3\" data-elementor-lightbox-title=\"schuhfried_cps_alert-\u00a9-schuhfried_-schiffleitner-2\" data-e-action-hash=\"#elementor-action%3Aaction%3Dlightbox%26settings%3DeyJpZCI6ODQsInVybCI6Imh0dHBzOlwvXC95ZWRpdGVwZWxlcnBzaWtvdGVrbmlrLmNvbVwvd3AtY29udGVudFwvdXBsb2Fkc1wvMjAyNFwvMDZcL3NjaHVoZnJpZWRfY3BzX2FsZXJ0LVx1MDBhOS1zY2h1aGZyaWVkXy1zY2hpZmZsZWl0bmVyLTIud2VicCIsInNsaWRlc2hvdyI6ImY0NTAyYTMifQ%3D%3D\" href='https:\/\/yeditepelerpsikoteknik.com\/wp-content\/uploads\/2024\/06\/schuhfried_cps_alert-\u00a9-schuhfried_-schiffleitner-2.webp'><img decoding=\"async\" width=\"300\" height=\"139\" src=\"https:\/\/yeditepelerpsikoteknik.com\/wp-content\/uploads\/2024\/06\/schuhfried_cps_alert-\u00a9-schuhfried_-schiffleitner-2-300x139.webp\" class=\"attachment-medium size-medium\" alt=\"\" srcset=\"https:\/\/yeditepelerpsikoteknik.com\/wp-content\/uploads\/2024\/06\/schuhfried_cps_alert-\u00a9-schuhfried_-schiffleitner-2-300x139.webp 300w, https:\/\/yeditepelerpsikoteknik.com\/wp-content\/uploads\/2024\/06\/schuhfried_cps_alert-\u00a9-schuhfried_-schiffleitner-2-1024x474.webp 1024w, https:\/\/yeditepelerpsikoteknik.com\/wp-content\/uploads\/2024\/06\/schuhfried_cps_alert-\u00a9-schuhfried_-schiffleitner-2-768x356.webp 768w, https:\/\/yeditepelerpsikoteknik.com\/wp-content\/uploads\/2024\/06\/schuhfried_cps_alert-\u00a9-schuhfried_-schiffleitner-2.webp 1488w\" sizes=\"(max-width: 300px) 100vw, 300px\" \/><\/a>\n\t\t\t<\/div><\/figure><figure class='gallery-item'>\n\t\t\t<div class='gallery-icon landscape'>\n\t\t\t\t<a data-elementor-open-lightbox=\"yes\" data-elementor-lightbox-slideshow=\"f4502a3\" data-elementor-lightbox-title=\"Vienna-test-system-and-representative-examples-of-each-cognitive-task-A-The-Vienna-test\" data-e-action-hash=\"#elementor-action%3Aaction%3Dlightbox%26settings%3DeyJpZCI6ODUsInVybCI6Imh0dHBzOlwvXC95ZWRpdGVwZWxlcnBzaWtvdGVrbmlrLmNvbVwvd3AtY29udGVudFwvdXBsb2Fkc1wvMjAyNFwvMDZcL1ZpZW5uYS10ZXN0LXN5c3RlbS1hbmQtcmVwcmVzZW50YXRpdmUtZXhhbXBsZXMtb2YtZWFjaC1jb2duaXRpdmUtdGFzay1BLVRoZS1WaWVubmEtdGVzdC5wbmciLCJzbGlkZXNob3ciOiJmNDUwMmEzIn0%3D\" href='https:\/\/yeditepelerpsikoteknik.com\/wp-content\/uploads\/2024\/06\/Vienna-test-system-and-representative-examples-of-each-cognitive-task-A-The-Vienna-test.png'><img decoding=\"async\" width=\"300\" height=\"150\" src=\"https:\/\/yeditepelerpsikoteknik.com\/wp-content\/uploads\/2024\/06\/Vienna-test-system-and-representative-examples-of-each-cognitive-task-A-The-Vienna-test-300x150.png\" class=\"attachment-medium size-medium\" alt=\"\" srcset=\"https:\/\/yeditepelerpsikoteknik.com\/wp-content\/uploads\/2024\/06\/Vienna-test-system-and-representative-examples-of-each-cognitive-task-A-The-Vienna-test-300x150.png 300w, https:\/\/yeditepelerpsikoteknik.com\/wp-content\/uploads\/2024\/06\/Vienna-test-system-and-representative-examples-of-each-cognitive-task-A-The-Vienna-test-768x383.png 768w, https:\/\/yeditepelerpsikoteknik.com\/wp-content\/uploads\/2024\/06\/Vienna-test-system-and-representative-examples-of-each-cognitive-task-A-The-Vienna-test.png 850w\" sizes=\"(max-width: 300px) 100vw, 300px\" \/><\/a>\n\t\t\t<\/div><\/figure><figure class='gallery-item'>\n\t\t\t<div class='gallery-icon portrait'>\n\t\t\t\t<a data-elementor-open-lightbox=\"yes\" data-elementor-lightbox-slideshow=\"f4502a3\" data-elementor-lightbox-title=\"vienna-test-system\" data-e-action-hash=\"#elementor-action%3Aaction%3Dlightbox%26settings%3DeyJpZCI6ODYsInVybCI6Imh0dHBzOlwvXC95ZWRpdGVwZWxlcnBzaWtvdGVrbmlrLmNvbVwvd3AtY29udGVudFwvdXBsb2Fkc1wvMjAyNFwvMDZcL3ZpZW5uYS10ZXN0LXN5c3RlbS53ZWJwIiwic2xpZGVzaG93IjoiZjQ1MDJhMyJ9\" href='https:\/\/yeditepelerpsikoteknik.com\/wp-content\/uploads\/2024\/06\/vienna-test-system.webp'><img loading=\"lazy\" decoding=\"async\" width=\"272\" height=\"300\" src=\"https:\/\/yeditepelerpsikoteknik.com\/wp-content\/uploads\/2024\/06\/vienna-test-system-272x300.webp\" class=\"attachment-medium size-medium\" alt=\"\" srcset=\"https:\/\/yeditepelerpsikoteknik.com\/wp-content\/uploads\/2024\/06\/vienna-test-system-272x300.webp 272w, https:\/\/yeditepelerpsikoteknik.com\/wp-content\/uploads\/2024\/06\/vienna-test-system.webp 464w\" sizes=\"(max-width: 272px) 100vw, 272px\" \/><\/a>\n\t\t\t<\/div><\/figure><figure class='gallery-item'>\n\t\t\t<div class='gallery-icon landscape'>\n\t\t\t\t<a data-elementor-open-lightbox=\"yes\" data-elementor-lightbox-slideshow=\"f4502a3\" data-elementor-lightbox-title=\"galeri-3\" data-e-action-hash=\"#elementor-action%3Aaction%3Dlightbox%26settings%3DeyJpZCI6ODcsInVybCI6Imh0dHBzOlwvXC95ZWRpdGVwZWxlcnBzaWtvdGVrbmlrLmNvbVwvd3AtY29udGVudFwvdXBsb2Fkc1wvMjAyNFwvMDZcL2dhbGVyaS0zLmpwZyIsInNsaWRlc2hvdyI6ImY0NTAyYTMifQ%3D%3D\" href='https:\/\/yeditepelerpsikoteknik.com\/wp-content\/uploads\/2024\/06\/galeri-3.jpg'><img loading=\"lazy\" decoding=\"async\" width=\"300\" height=\"225\" src=\"https:\/\/yeditepelerpsikoteknik.com\/wp-content\/uploads\/2024\/06\/galeri-3-300x225.jpg\" class=\"attachment-medium size-medium\" alt=\"\" srcset=\"https:\/\/yeditepelerpsikoteknik.com\/wp-content\/uploads\/2024\/06\/galeri-3-300x225.jpg 300w, https:\/\/yeditepelerpsikoteknik.com\/wp-content\/uploads\/2024\/06\/galeri-3-768x576.jpg 768w, https:\/\/yeditepelerpsikoteknik.com\/wp-content\/uploads\/2024\/06\/galeri-3.jpg 800w\" sizes=\"(max-width: 300px) 100vw, 300px\" \/><\/a>\n\t\t\t<\/div><\/figure><figure class='gallery-item'>\n\t\t\t<div class='gallery-icon landscape'>\n\t\t\t\t<a data-elementor-open-lightbox=\"yes\" data-elementor-lightbox-slideshow=\"f4502a3\" data-elementor-lightbox-title=\"prostam-notary-seal-stamp\" data-e-action-hash=\"#elementor-action%3Aaction%3Dlightbox%26settings%3DeyJpZCI6OTMsInVybCI6Imh0dHBzOlwvXC95ZWRpdGVwZWxlcnBzaWtvdGVrbmlrLmNvbVwvd3AtY29udGVudFwvdXBsb2Fkc1wvMjAyNFwvMDZcL3Byb3N0YW0tbm90YXJ5LXNlYWwtc3RhbXAud2VicCIsInNsaWRlc2hvdyI6ImY0NTAyYTMifQ%3D%3D\" href='https:\/\/yeditepelerpsikoteknik.com\/wp-content\/uploads\/2024\/06\/prostam-notary-seal-stamp.webp'><img loading=\"lazy\" decoding=\"async\" width=\"300\" height=\"183\" src=\"https:\/\/yeditepelerpsikoteknik.com\/wp-content\/uploads\/2024\/06\/prostam-notary-seal-stamp-300x183.webp\" class=\"attachment-medium size-medium\" alt=\"\" srcset=\"https:\/\/yeditepelerpsikoteknik.com\/wp-content\/uploads\/2024\/06\/prostam-notary-seal-stamp-300x183.webp 300w, https:\/\/yeditepelerpsikoteknik.com\/wp-content\/uploads\/2024\/06\/prostam-notary-seal-stamp-768x468.webp 768w, https:\/\/yeditepelerpsikoteknik.com\/wp-content\/uploads\/2024\/06\/prostam-notary-seal-stamp.webp 903w\" sizes=\"(max-width: 300px) 100vw, 300px\" \/><\/a>\n\t\t\t<\/div><\/figure><figure class='gallery-item'>\n\t\t\t<div class='gallery-icon landscape'>\n\t\t\t\t<a data-elementor-open-lightbox=\"yes\" data-elementor-lightbox-slideshow=\"f4502a3\" data-elementor-lightbox-title=\"3-dopravni-psychologie\" data-e-action-hash=\"#elementor-action%3Aaction%3Dlightbox%26settings%3DeyJpZCI6ODIsInVybCI6Imh0dHBzOlwvXC95ZWRpdGVwZWxlcnBzaWtvdGVrbmlrLmNvbVwvd3AtY29udGVudFwvdXBsb2Fkc1wvMjAyNFwvMDZcLzMtZG9wcmF2bmktcHN5Y2hvbG9naWUuanBnIiwic2xpZGVzaG93IjoiZjQ1MDJhMyJ9\" href='https:\/\/yeditepelerpsikoteknik.com\/wp-content\/uploads\/2024\/06\/3-dopravni-psychologie.jpg'><img loading=\"lazy\" decoding=\"async\" width=\"300\" height=\"223\" src=\"https:\/\/yeditepelerpsikoteknik.com\/wp-content\/uploads\/2024\/06\/3-dopravni-psychologie-300x223.jpg\" class=\"attachment-medium size-medium\" alt=\"\" srcset=\"https:\/\/yeditepelerpsikoteknik.com\/wp-content\/uploads\/2024\/06\/3-dopravni-psychologie-300x223.jpg 300w, https:\/\/yeditepelerpsikoteknik.com\/wp-content\/uploads\/2024\/06\/3-dopravni-psychologie.jpg 628w\" sizes=\"(max-width: 300px) 100vw, 300px\" \/><\/a>\n\t\t\t<\/div><\/figure>\n\t\t<\/div>\n\t\t<\/div>\n\t\t\t\t\t\t<\/div>\n\t\t\t\t<\/div>\n\t\t\t\t\t<\/div>\n\t\t<\/div>\n\t\t\t\t\t<\/div>\n\t\t<\/section>\n\t\t\t\t<\/div>\n\t\t","protected":false},"excerpt":{"rendered":"<p>Yeditepeler Psikoteknik ve De\u011ferlendirme Merkezi 2008 y\u0131l\u0131ndan bu yana, Yeditepeler Psikoteknik Merkezi olarak, Maltepe F\u0131nd\u0131kl\u0131&#8217;daki ofisimizde profesyonel ve g\u00fcvenilir psikoteknik de\u011ferlendirme hizmetleri sunmaktay\u0131z. Alan\u0131nda uzman psikolo\u011fumuz ile birlikte, en son teknoloji \u00fcr\u00fcn\u00fc olan Vienna Test System (VTS) kullanarak, h\u0131zl\u0131 ve do\u011fru sonu\u00e7lar elde ediyoruz. Merkezimizde, sadece bir saat i\u00e7inde psikoteknik belgesi alabilirsiniz. Vizyonumuz Yeditepeler Psikoteknik [&hellip;]<\/p>\n","protected":false},"author":1,"featured_media":0,"parent":0,"menu_order":0,"comment_status":"closed","ping_status":"closed","template":"","meta":{"_joinchat":[],"footnotes":""},"class_list":["post-14","page","type-page","status-publish","hentry"],"_links":{"self":[{"href":"https:\/\/yeditepelerpsikoteknik.com\/index.php\/wp-json\/wp\/v2\/pages\/14","targetHints":{"allow":["GET"]}}],"collection":[{"href":"https:\/\/yeditepelerpsikoteknik.com\/index.php\/wp-json\/wp\/v2\/pages"}],"about":[{"href":"https:\/\/yeditepelerpsikoteknik.com\/index.php\/wp-json\/wp\/v2\/types\/page"}],"author":[{"embeddable":true,"href":"https:\/\/yeditepelerpsikoteknik.com\/index.php\/wp-json\/wp\/v2\/users\/1"}],"replies":[{"embeddable":true,"href":"https:\/\/yeditepelerpsikoteknik.com\/index.php\/wp-json\/wp\/v2\/comments?post=14"}],"version-history":[{"count":16,"href":"https:\/\/yeditepelerpsikoteknik.com\/index.php\/wp-json\/wp\/v2\/pages\/14\/revisions"}],"predecessor-version":[{"id":672,"href":"https:\/\/yeditepelerpsikoteknik.com\/index.php\/wp-json\/wp\/v2\/pages\/14\/revisions\/672"}],"wp:attachment":[{"href":"https:\/\/yeditepelerpsikoteknik.com\/index.php\/wp-json\/wp\/v2\/media?parent=14"}],"curies":[{"name":"wp","href":"https:\/\/api.w.org\/{rel}","templated":true}]}}